{"id":9334,"date":"2025-03-12T14:00:54","date_gmt":"2025-03-12T18:00:54","guid":{"rendered":"https:\/\/physiotheraplus.com\/resources\/"},"modified":"2026-03-26T14:40:58","modified_gmt":"2026-03-26T18:40:58","slug":"resources","status":"publish","type":"page","link":"https:\/\/physiotheraplus.com\/en\/resources\/","title":{"rendered":"RESOURCES"},"content":{"rendered":"<section class=\"l-section wpb_row height_large color_primary with_img\"><div class=\"l-section-img\" role=\"img\" aria-label=\"Image\" data-img-width=\"2560\" data-img-height=\"1707\" style=\"background-image: url(https:\/\/physiotheraplus.com\/wp-content\/uploads\/2023\/08\/PhysioTheraPlus-Sept22-79-1-scaled.webp);background-position: top center;background-repeat: no-repeat;\"><\/div><div class=\"l-section-overlay\" style=\"background:rgba(36,132,198,0.32)\"><\/div><div class=\"l-section-h i-cf\"><div class=\"g-cols vc_row via_flex valign_top type_boxes stacking_default\"><div class=\"vc_col-sm-12 wpb_column vc_column_container\"><div class=\"vc_column-inner\"><div class=\"wpb_wrapper\">[vc_custom_heading text=&#8221;RESOURCES&#8221; font_container=&#8221;tag:h1|text_align:center&#8221; use_theme_fonts=&#8221;yes&#8221; css=&#8221;%7B%22default%22%3A%7B%22font-size%22%3A%2260%22%7D%7D&#8221;]<div class=\"w-iconbox iconpos_top style_default color_custom align_center no_text no_title\"><a href=\"#intro\" class=\"w-iconbox-link\" aria-label=\"fas|chevron-down\"><div class=\"w-iconbox-icon\" style=\"font-size:2rem;--icon-color:#ffffff;\"><i class=\"fas fa-chevron-down\"><\/i><\/div><\/a><div class=\"w-iconbox-meta\"><\/div><\/div><\/div><\/div><\/div><\/div><\/div><\/section><section class=\"l-section wpb_row us_custom_ea56f62c height_small\"><div class=\"l-section-h i-cf\"><div class=\"g-cols vc_row via_flex valign_top type_default stacking_default\"><div class=\"vc_col-sm-12 wpb_column vc_column_container\"><div class=\"vc_column-inner\"><div class=\"wpb_wrapper\"><div class=\"wpb_text_column us_custom_e5aea6d2\"><div class=\"wpb_wrapper\"><h1 style=\"text-align: center;\"><span style=\"color: #243a7a;\"><strong><span style=\"font-size: 24pt;\">RESOURCES AND COLLABORATIONS\u00a0<\/span><\/strong><\/span><\/h1>\n<p><!--more--><\/p>\n<p><img loading=\"lazy\" decoding=\"async\" class=\"wp-image-8451 alignleft\" src=\"https:\/\/physiotheraplus.com\/wp-content\/uploads\/2024\/05\/Portrait-MP-273x300.png\" alt=\"\" width=\"181\" height=\"199\" srcset=\"https:\/\/physiotheraplus.com\/wp-content\/uploads\/2024\/05\/Portrait-MP-273x300.png 273w, https:\/\/physiotheraplus.com\/wp-content\/uploads\/2024\/05\/Portrait-MP.png 282w\" sizes=\"auto, (max-width: 181px) 100vw, 181px\" \/><\/p>\n<p>&nbsp;<\/p>\n<p>&nbsp;<\/p>\n<p><span style=\"font-size: 14pt;\"><strong>MARION PERRET<\/strong><\/span>\u00a0&#8211;<span style=\"font-size: 14pt;\"><span style=\"font-size: 12pt;\"> Massage Therapist, Kinesiotherapist and Orthotherapist at <strong data-start=\"58\" data-end=\"98\">Physio Thera Plus Clinic in Villeray<\/strong>:<br data-start=\"99\" data-end=\"102\" \/><a class=\"decorated-link\" href=\"https:\/\/www.gorendezvous.com\/marionperret\" target=\"_new\" rel=\"noopener\" data-start=\"102\" data-end=\"143\">https:\/\/www.gorendezvous.com\/marionperret<span aria-hidden=\"true\" class=\"ms-0.5 inline-block align-middle leading-none\"><\/span><\/a> (online booking)<\/span><\/span><\/p>\n<p>&nbsp;<\/p>\n<p>&nbsp;<\/p>\n<p><img loading=\"lazy\" decoding=\"async\" class=\"alignleft\" src=\"https:\/\/mail.google.com\/mail\/u\/0?ui=2&amp;ik=6836925726&amp;attid=0.2&amp;permmsgid=msg-f:1860749576016661450&amp;th=19d2b5e1766e8bca&amp;view=fimg&amp;fur=ip&amp;permmsgid=msg-f:1860749576016661450&amp;sz=s0-l75-ft&amp;attbid=ANGjdJ9Fpi41uAaRCO4hN8IvqybF716FXR-X2CE8NfGY97GiQZMZXDQ6yYtqXAVT4amBQPWfneZJ2Dg3WQFXgrGsoDmUE5lP5zPOSJ0sboU2hqbKItrvQJSFAwpmp2M&amp;disp=emb&amp;realattid=ii_19d2b5dcff2326680cc2&amp;zw\" alt=\"Nicolas Acquie\u0301 oste\u0301opathe D.O. - Rosemont La petite patrie.png\" width=\"178\" height=\"178\" \/><\/p>\n<p>&nbsp;<\/p>\n<p><span><strong>NICOLAS ACQUI\u00c9\u00a0<\/strong>\u2013 Osteopath D.O.<\/span><span>\u00a0<\/span>(<span><a href=\"https:\/\/www.google.com\/maps\/search\/?api=1&amp;query=nicolas%20acqui%C3%A9%20maps\" target=\"_blank\" rel=\"noopener\" data-saferedirecturl=\"https:\/\/www.google.com\/url?q=https:\/\/www.google.com\/maps\/search\/?api%3D1%26query%3Dnicolas%2520acqui%25C3%25A9%2520maps&amp;source=gmail&amp;ust=1774635483987000&amp;usg=AOvVaw2zXLx84lli1AKi9whzuI35\">Rosemont-La Petite-Patrie<\/a>, near Jean-Talon Metro), also teaching osteopathy. <a href=\"https:\/\/osteo-montreal.com\/\" target=\"_blank\" rel=\"noopener\" data-saferedirecturl=\"https:\/\/www.google.com\/url?q=https:\/\/osteo-montreal.com\/&amp;source=gmail&amp;ust=1774635483987000&amp;usg=AOvVaw2uAFuuqCoUNZJBkxSd6Utl\">https:\/\/osteo-<wbr \/>montreal.com\/<\/a><\/span><\/p>\n<p>&nbsp;<\/p>\n<p>&nbsp;<\/p>\n<p>&nbsp;<\/p>\n<p><img loading=\"lazy\" decoding=\"async\" class=\"wp-image-8398 alignleft\" style=\"color: #1a1a1a; font-size: 24px;\" src=\"https:\/\/physiotheraplus.com\/wp-content\/uploads\/2024\/03\/OPPQ-300x127.png\" alt=\"\" width=\"239\" height=\"101\" srcset=\"https:\/\/physiotheraplus.com\/wp-content\/uploads\/2024\/03\/OPPQ-300x127.png 300w, https:\/\/physiotheraplus.com\/wp-content\/uploads\/2024\/03\/OPPQ.png 382w\" sizes=\"auto, (max-width: 239px) 100vw, 239px\" \/><\/p>\n<p>&nbsp;<\/p>\n<p><span style=\"font-size: 18pt; color: #1a1a1a;\"><span style=\"font-size: 14pt;\"><strong>ORDRE DES PRO<\/strong><\/span><\/span><span style=\"font-size: 18pt; color: #1a1a1a;\"><span style=\"font-size: 14pt;\"><strong>FFESIONNELS EN PHYSIOTH\u00c9RAPIE DU QU\u00c9BEC<\/strong>\u00a0(OPPQ):\u00a0<span style=\"font-size: 12pt;\"><a href=\"https:\/\/oppq.qc.ca\/\">https:\/\/oppq.qc.ca\/<\/a><\/span><\/span><\/span><\/p>\n<p>&nbsp;<\/p>\n<p>&nbsp;<\/p>\n<p><strong style=\"color: #1a1a1a; font-size: 14pt;\"><img loading=\"lazy\" decoding=\"async\" class=\"wp-image-8420 alignleft\" src=\"https:\/\/physiotheraplus.com\/wp-content\/uploads\/2024\/03\/14085-AQP-COUL-transp-1024x401-1-300x117.png\" alt=\"\" width=\"236\" height=\"92\" srcset=\"https:\/\/physiotheraplus.com\/wp-content\/uploads\/2024\/03\/14085-AQP-COUL-transp-1024x401-1-300x117.png 300w, https:\/\/physiotheraplus.com\/wp-content\/uploads\/2024\/03\/14085-AQP-COUL-transp-1024x401-1-600x235.png 600w, https:\/\/physiotheraplus.com\/wp-content\/uploads\/2024\/03\/14085-AQP-COUL-transp-1024x401-1.png 1024w\" sizes=\"auto, (max-width: 236px) 100vw, 236px\" \/><\/strong><\/p>\n<p>&nbsp;<\/p>\n<p><span style=\"color: #1a1a1a; font-size: 14pt;\"><strong style=\"color: #1a1a1a; font-size: 14pt;\">ASSOCIATION QU\u00c9B\u00c9COISE DE LA PHYSIOTH\u00c9RAPIE<\/strong><span style=\"color: #1a1a1a; font-size: 14pt;\">\u00a0<\/span>(AQP):<\/span><span style=\"font-size: 12pt;\">\u00a0<a href=\"https:\/\/www.aqp.quebec\/\">https:\/\/www.aqp.quebec\/<\/a><\/span><\/p>\n<p>&nbsp;<\/p>\n<p><img loading=\"lazy\" decoding=\"async\" class=\"wp-image-8399 alignleft\" style=\"color: #1a1a1a; font-size: 24px;\" src=\"https:\/\/physiotheraplus.com\/wp-content\/uploads\/2024\/03\/RITMA-300x107.png\" alt=\"\" width=\"224\" height=\"80\" srcset=\"https:\/\/physiotheraplus.com\/wp-content\/uploads\/2024\/03\/RITMA-300x107.png 300w, https:\/\/physiotheraplus.com\/wp-content\/uploads\/2024\/03\/RITMA-1024x364.png 1024w, https:\/\/physiotheraplus.com\/wp-content\/uploads\/2024\/03\/RITMA-600x213.png 600w\" sizes=\"auto, (max-width: 224px) 100vw, 224px\" \/><\/p>\n<p>&nbsp;<\/p>\n<p><span style=\"font-size: 14pt; color: #1a1a1a;\"><strong>REGRO<\/strong><\/span><span style=\"font-size: 14pt; color: #1a1a1a;\"><strong>UPEMENT DES INTERVENANTS ET TH\u00c9RAPEUTES EN\u00a0<\/strong><\/span><span style=\"font-size: 14pt; color: #1a1a1a;\"><strong>M\u00c9DECINE ALTERNATIVE ET COMPL\u00c9MENTAIRE DU QU\u00c9BEC<\/strong> (RITMA): <span style=\"font-size: 12pt;\"><a href=\"https:\/\/ritma.ca\/\">https:\/\/ritma.ca\/<\/a><\/span><\/span><\/p>\n<p>&nbsp;<\/p>\n<p><span style=\"font-size: 14pt; color: #1a1a1a;\"><img loading=\"lazy\" decoding=\"async\" class=\"wp-image-8400 alignleft\" src=\"https:\/\/physiotheraplus.com\/wp-content\/uploads\/2024\/03\/RMPQ-300x125.png\" alt=\"\" width=\"228\" height=\"95\" srcset=\"https:\/\/physiotheraplus.com\/wp-content\/uploads\/2024\/03\/RMPQ-300x125.png 300w, https:\/\/physiotheraplus.com\/wp-content\/uploads\/2024\/03\/RMPQ.png 348w\" sizes=\"auto, (max-width: 228px) 100vw, 228px\" \/><\/span><\/p>\n<p>&nbsp;<\/p>\n<p><span style=\"font-size: 14pt; color: #1a1a1a;\"><strong>R\u00c9SEAU DES MASSOTH\u00c9RAPEUTES PROFESSIONNELS DU QU\u00c9BEC<\/strong> (RMPQ):<\/span><span style=\"font-size: 14pt; color: #1a1a1a;\"><span style=\"font-size: 12pt;\"><a href=\"https:\/\/rmpq.ca\/\">https:\/\/rmpq.ca\/<\/a><\/span><\/span><\/p>\n<p>&nbsp;<\/p>\n<p><img loading=\"lazy\" decoding=\"async\" class=\"wp-image-8432 alignleft\" src=\"https:\/\/physiotheraplus.com\/wp-content\/uploads\/2024\/04\/EmiliePA9rulogotransparent-300x169.webp\" alt=\"\" width=\"169\" height=\"95\" srcset=\"https:\/\/physiotheraplus.com\/wp-content\/uploads\/2024\/04\/EmiliePA9rulogotransparent-300x169.webp 300w, https:\/\/physiotheraplus.com\/wp-content\/uploads\/2024\/04\/EmiliePA9rulogotransparent-1024x575.webp 1024w, https:\/\/physiotheraplus.com\/wp-content\/uploads\/2024\/04\/EmiliePA9rulogotransparent-600x337.webp 600w, https:\/\/physiotheraplus.com\/wp-content\/uploads\/2024\/04\/EmiliePA9rulogotransparent.jpg 1267w\" sizes=\"auto, (max-width: 169px) 100vw, 169px\" \/><span style=\"font-size: 14pt;\"><strong>YS\u00c9 NAISSANCE<\/strong>\u00a0<span style=\"font-size: 12pt;\">&#8211; (doula and naturopath; prenatal classes, birth preparation, online support): <a class=\"decorated-link\" href=\"https:\/\/ysenaissance.com\/\" target=\"_new\" rel=\"noopener\" data-start=\"115\" data-end=\"140\" data-is-last-node=\"\">https:\/\/ysenaissance.com\/<\/a><\/span><\/span><\/p>\n<p>&nbsp;<\/p>\n<p>&nbsp;<\/p>\n<p><img loading=\"lazy\" decoding=\"async\" class=\"wp-image-8433 alignleft\" src=\"https:\/\/physiotheraplus.com\/wp-content\/uploads\/2024\/04\/lauriane-martin.webp\" alt=\"\" width=\"135\" height=\"153\" \/><\/p>\n<p>&nbsp;<\/p>\n<p><span style=\"font-size: 14pt;\"><strong>LAURIANE MARTIN<\/strong><span style=\"font-size: 12pt;\"> &#8211; doula and massage therapist : <\/span><\/span><span style=\"font-size: 14pt;\"><span style=\"font-size: 12pt;\"><a href=\"https:\/\/www.laurianemartinbiennaitre.com\/\">https:\/\/www.laurianemartinbiennaitre.com\/<\/a><\/span><\/span><\/p>\n<\/div><\/div><\/div><\/div><\/div><\/div><\/div><\/section><!-- Row Backgrounds --><div class=\"upb_color\" data-bg-override=\"0\" data-bg-color=\"\" data-fadeout=\"\" data-fadeout-percentage=\"30\" data-parallax-content=\"\" data-parallax-content-sense=\"30\" data-row-effect-mobile-disable=\"true\" data-img-parallax-mobile-disable=\"true\" data-rtl=\"false\"  data-custom-vc-row=\"\"  data-vc=\"8.7.2\"  data-is_old_vc=\"\"  data-theme-support=\"\"   data-overlay=\"false\" data-overlay-color=\"\" data-overlay-pattern=\"\" data-overlay-pattern-opacity=\"\" data-overlay-pattern-size=\"\"    ><\/div><section class=\"l-section wpb_row height_medium\"><div class=\"l-section-h i-cf\"><div class=\"g-cols vc_row via_flex valign_top type_default stacking_default\"><div class=\"vc_col-sm-12 wpb_column vc_column_container\"><div class=\"vc_column-inner\"><div class=\"wpb_wrapper\"><div class=\"w-btn-wrapper align_center\"><a class=\"w-btn us-btn-style_1 us_custom_85abdf68\" href=\"https:\/\/physiotheraplus.clinicmaster.com\/clinic-selection\"><span class=\"w-btn-label\">BOOK AN APPOINTMENT<\/span><\/a><\/div><\/div><\/div><\/div><\/div><\/div><\/section><!-- Row Backgrounds --><div class=\"upb_color\" data-bg-override=\"0\" data-bg-color=\"#065baa\" data-fadeout=\"\" data-fadeout-percentage=\"30\" data-parallax-content=\"\" data-parallax-content-sense=\"30\" data-row-effect-mobile-disable=\"true\" data-img-parallax-mobile-disable=\"true\" data-rtl=\"false\"  data-custom-vc-row=\"\"  data-vc=\"8.7.2\"  data-is_old_vc=\"\"  data-theme-support=\"\"   data-overlay=\"false\" data-overlay-color=\"\" data-overlay-pattern=\"\" data-overlay-pattern-opacity=\"\" data-overlay-pattern-size=\"\"    ><\/div>\n","protected":false},"excerpt":{"rendered":"<p>RESOURCES AND COLLABORATIONS\u00a0<\/p>\n","protected":false},"author":11,"featured_media":0,"parent":0,"menu_order":0,"comment_status":"closed","ping_status":"open","template":"","meta":{"footnotes":""},"class_list":["post-9334","page","type-page","status-publish","hentry"],"yoast_head":"<!-- This site is optimized with the Yoast SEO plugin v26.8 - https:\/\/yoast.com\/product\/yoast-seo-wordpress\/ -->\n<title>Physioth\u00e9rapie - Massoth\u00e9rapie - 2 cliniques Plateau et Villeray<\/title>\n<meta name=\"description\" content=\"Various external resources that may interest you\" \/>\n<meta name=\"robots\" content=\"index, follow, max-snippet:-1, max-image-preview:large, max-video-preview:-1\" \/>\n<link rel=\"canonical\" href=\"https:\/\/physiotheraplus.com\/en\/resources\/\" \/>\n<meta property=\"og:locale\" content=\"en_US\" \/>\n<meta property=\"og:type\" content=\"article\" \/>\n<meta property=\"og:title\" content=\"Physioth\u00e9rapie - Massoth\u00e9rapie - 2 cliniques Plateau et Villeray\" \/>\n<meta property=\"og:description\" content=\"Various external resources that may interest you\" \/>\n<meta property=\"og:url\" content=\"https:\/\/physiotheraplus.com\/en\/resources\/\" \/>\n<meta property=\"og:site_name\" content=\"Physio Th\u00e9ra Plus\" \/>\n<meta property=\"article:publisher\" content=\"https:\/\/www.facebook.com\/PhysioTheraPlus\/\" \/>\n<meta property=\"article:modified_time\" content=\"2026-03-26T18:40:58+00:00\" \/>\n<meta property=\"og:image\" content=\"https:\/\/physiotheraplus.com\/wp-content\/uploads\/2024\/05\/Portrait-MP.png\" \/>\n\t<meta property=\"og:image:width\" content=\"282\" \/>\n\t<meta property=\"og:image:height\" content=\"310\" \/>\n\t<meta property=\"og:image:type\" content=\"image\/png\" \/>\n<meta name=\"twitter:card\" content=\"summary_large_image\" \/>\n<meta name=\"twitter:label1\" content=\"Est. reading time\" \/>\n\t<meta name=\"twitter:data1\" content=\"3 minutes\" \/>\n<script type=\"application\/ld+json\" class=\"yoast-schema-graph\">{\"@context\":\"https:\/\/schema.org\",\"@graph\":[{\"@type\":\"WebPage\",\"@id\":\"https:\/\/physiotheraplus.com\/en\/resources\/\",\"url\":\"https:\/\/physiotheraplus.com\/en\/resources\/\",\"name\":\"Physioth\u00e9rapie - Massoth\u00e9rapie - 2 cliniques Plateau et Villeray\",\"isPartOf\":{\"@id\":\"https:\/\/physiotheraplus.com\/#website\"},\"primaryImageOfPage\":{\"@id\":\"https:\/\/physiotheraplus.com\/en\/resources\/#primaryimage\"},\"image\":{\"@id\":\"https:\/\/physiotheraplus.com\/en\/resources\/#primaryimage\"},\"thumbnailUrl\":\"https:\/\/physiotheraplus.com\/wp-content\/uploads\/2024\/05\/Portrait-MP-273x300.png\",\"datePublished\":\"2025-03-12T18:00:54+00:00\",\"dateModified\":\"2026-03-26T18:40:58+00:00\",\"description\":\"Various external resources that may interest you\",\"breadcrumb\":{\"@id\":\"https:\/\/physiotheraplus.com\/en\/resources\/#breadcrumb\"},\"inLanguage\":\"en-US\",\"potentialAction\":[{\"@type\":\"ReadAction\",\"target\":[\"https:\/\/physiotheraplus.com\/en\/resources\/\"]}]},{\"@type\":\"ImageObject\",\"inLanguage\":\"en-US\",\"@id\":\"https:\/\/physiotheraplus.com\/en\/resources\/#primaryimage\",\"url\":\"https:\/\/physiotheraplus.com\/wp-content\/uploads\/2024\/05\/Portrait-MP-273x300.png\",\"contentUrl\":\"https:\/\/physiotheraplus.com\/wp-content\/uploads\/2024\/05\/Portrait-MP-273x300.png\"},{\"@type\":\"BreadcrumbList\",\"@id\":\"https:\/\/physiotheraplus.com\/en\/resources\/#breadcrumb\",\"itemListElement\":[{\"@type\":\"ListItem\",\"position\":1,\"name\":\"Accueil\",\"item\":\"https:\/\/physiotheraplus.com\/en\/welcome-page-physiotheraplus\/\"},{\"@type\":\"ListItem\",\"position\":2,\"name\":\"RESOURCES\"}]},{\"@type\":\"WebSite\",\"@id\":\"https:\/\/physiotheraplus.com\/#website\",\"url\":\"https:\/\/physiotheraplus.com\/\",\"name\":\"Physiotheraplus.com\",\"description\":\"Des th\u00e9rapeutes qui vous en offrent Plus\",\"publisher\":{\"@id\":\"https:\/\/physiotheraplus.com\/#organization\"},\"potentialAction\":[{\"@type\":\"SearchAction\",\"target\":{\"@type\":\"EntryPoint\",\"urlTemplate\":\"https:\/\/physiotheraplus.com\/?s={search_term_string}\"},\"query-input\":{\"@type\":\"PropertyValueSpecification\",\"valueRequired\":true,\"valueName\":\"search_term_string\"}}],\"inLanguage\":\"en-US\"},{\"@type\":\"Organization\",\"@id\":\"https:\/\/physiotheraplus.com\/#organization\",\"name\":\"Physio Th\u00e9ra plus\",\"url\":\"https:\/\/physiotheraplus.com\/\",\"logo\":{\"@type\":\"ImageObject\",\"inLanguage\":\"en-US\",\"@id\":\"https:\/\/physiotheraplus.com\/#\/schema\/logo\/image\/\",\"url\":\"https:\/\/physiotheraplus.com\/wp-content\/uploads\/2023\/08\/Logo_thera_moyen.png\",\"contentUrl\":\"https:\/\/physiotheraplus.com\/wp-content\/uploads\/2023\/08\/Logo_thera_moyen.png\",\"width\":800,\"height\":200,\"caption\":\"Physio Th\u00e9ra plus\"},\"image\":{\"@id\":\"https:\/\/physiotheraplus.com\/#\/schema\/logo\/image\/\"},\"sameAs\":[\"https:\/\/www.facebook.com\/PhysioTheraPlus\/\"]}]}<\/script>\n<!-- \/ Yoast SEO plugin. -->","yoast_head_json":{"title":"Physioth\u00e9rapie - Massoth\u00e9rapie - 2 cliniques Plateau et Villeray","description":"Various external resources that may interest you","robots":{"index":"index","follow":"follow","max-snippet":"max-snippet:-1","max-image-preview":"max-image-preview:large","max-video-preview":"max-video-preview:-1"},"canonical":"https:\/\/physiotheraplus.com\/en\/resources\/","og_locale":"en_US","og_type":"article","og_title":"Physioth\u00e9rapie - Massoth\u00e9rapie - 2 cliniques Plateau et Villeray","og_description":"Various external resources that may interest you","og_url":"https:\/\/physiotheraplus.com\/en\/resources\/","og_site_name":"Physio Th\u00e9ra Plus","article_publisher":"https:\/\/www.facebook.com\/PhysioTheraPlus\/","article_modified_time":"2026-03-26T18:40:58+00:00","og_image":[{"width":282,"height":310,"url":"https:\/\/physiotheraplus.com\/wp-content\/uploads\/2024\/05\/Portrait-MP.png","type":"image\/png"}],"twitter_card":"summary_large_image","twitter_misc":{"Est. reading time":"3 minutes"},"schema":{"@context":"https:\/\/schema.org","@graph":[{"@type":"WebPage","@id":"https:\/\/physiotheraplus.com\/en\/resources\/","url":"https:\/\/physiotheraplus.com\/en\/resources\/","name":"Physioth\u00e9rapie - Massoth\u00e9rapie - 2 cliniques Plateau et Villeray","isPartOf":{"@id":"https:\/\/physiotheraplus.com\/#website"},"primaryImageOfPage":{"@id":"https:\/\/physiotheraplus.com\/en\/resources\/#primaryimage"},"image":{"@id":"https:\/\/physiotheraplus.com\/en\/resources\/#primaryimage"},"thumbnailUrl":"https:\/\/physiotheraplus.com\/wp-content\/uploads\/2024\/05\/Portrait-MP-273x300.png","datePublished":"2025-03-12T18:00:54+00:00","dateModified":"2026-03-26T18:40:58+00:00","description":"Various external resources that may interest you","breadcrumb":{"@id":"https:\/\/physiotheraplus.com\/en\/resources\/#breadcrumb"},"inLanguage":"en-US","potentialAction":[{"@type":"ReadAction","target":["https:\/\/physiotheraplus.com\/en\/resources\/"]}]},{"@type":"ImageObject","inLanguage":"en-US","@id":"https:\/\/physiotheraplus.com\/en\/resources\/#primaryimage","url":"https:\/\/physiotheraplus.com\/wp-content\/uploads\/2024\/05\/Portrait-MP-273x300.png","contentUrl":"https:\/\/physiotheraplus.com\/wp-content\/uploads\/2024\/05\/Portrait-MP-273x300.png"},{"@type":"BreadcrumbList","@id":"https:\/\/physiotheraplus.com\/en\/resources\/#breadcrumb","itemListElement":[{"@type":"ListItem","position":1,"name":"Accueil","item":"https:\/\/physiotheraplus.com\/en\/welcome-page-physiotheraplus\/"},{"@type":"ListItem","position":2,"name":"RESOURCES"}]},{"@type":"WebSite","@id":"https:\/\/physiotheraplus.com\/#website","url":"https:\/\/physiotheraplus.com\/","name":"Physiotheraplus.com","description":"Des th\u00e9rapeutes qui vous en offrent Plus","publisher":{"@id":"https:\/\/physiotheraplus.com\/#organization"},"potentialAction":[{"@type":"SearchAction","target":{"@type":"EntryPoint","urlTemplate":"https:\/\/physiotheraplus.com\/?s={search_term_string}"},"query-input":{"@type":"PropertyValueSpecification","valueRequired":true,"valueName":"search_term_string"}}],"inLanguage":"en-US"},{"@type":"Organization","@id":"https:\/\/physiotheraplus.com\/#organization","name":"Physio Th\u00e9ra plus","url":"https:\/\/physiotheraplus.com\/","logo":{"@type":"ImageObject","inLanguage":"en-US","@id":"https:\/\/physiotheraplus.com\/#\/schema\/logo\/image\/","url":"https:\/\/physiotheraplus.com\/wp-content\/uploads\/2023\/08\/Logo_thera_moyen.png","contentUrl":"https:\/\/physiotheraplus.com\/wp-content\/uploads\/2023\/08\/Logo_thera_moyen.png","width":800,"height":200,"caption":"Physio Th\u00e9ra plus"},"image":{"@id":"https:\/\/physiotheraplus.com\/#\/schema\/logo\/image\/"},"sameAs":["https:\/\/www.facebook.com\/PhysioTheraPlus\/"]}]}},"_links":{"self":[{"href":"https:\/\/physiotheraplus.com\/en\/wp-json\/wp\/v2\/pages\/9334","targetHints":{"allow":["GET"]}}],"collection":[{"href":"https:\/\/physiotheraplus.com\/en\/wp-json\/wp\/v2\/pages"}],"about":[{"href":"https:\/\/physiotheraplus.com\/en\/wp-json\/wp\/v2\/types\/page"}],"author":[{"embeddable":true,"href":"https:\/\/physiotheraplus.com\/en\/wp-json\/wp\/v2\/users\/11"}],"replies":[{"embeddable":true,"href":"https:\/\/physiotheraplus.com\/en\/wp-json\/wp\/v2\/comments?post=9334"}],"version-history":[{"count":12,"href":"https:\/\/physiotheraplus.com\/en\/wp-json\/wp\/v2\/pages\/9334\/revisions"}],"predecessor-version":[{"id":9867,"href":"https:\/\/physiotheraplus.com\/en\/wp-json\/wp\/v2\/pages\/9334\/revisions\/9867"}],"wp:attachment":[{"href":"https:\/\/physiotheraplus.com\/en\/wp-json\/wp\/v2\/media?parent=9334"}],"curies":[{"name":"wp","href":"https:\/\/api.w.org\/{rel}","templated":true}]}}